{"id":13687,"date":"2021-02-10T17:19:33","date_gmt":"2021-02-10T17:19:33","guid":{"rendered":"https:\/\/yanicksarrazin.com\/?page_id=13687"},"modified":"2021-02-10T17:19:34","modified_gmt":"2021-02-10T17:19:34","slug":"faq-immobiliere","status":"publish","type":"page","link":"https:\/\/yanicksarrazin.com\/en\/faq-immobiliere\/","title":{"rendered":"FAQ Immobili\u00e8re"},"content":{"rendered":"\t\t<div data-elementor-type=\"wp-page\" data-elementor-id=\"13687\" class=\"elementor elementor-13687\" data-elementor-post-type=\"page\">\n\t\t\t\t\t\t<section class=\"elementor-section elementor-top-section elementor-element elementor-element-e1372aa elementor-section-boxed elementor-section-height-default elementor-section-height-default\" data-id=\"e1372aa\" data-element_type=\"section\">\n\t\t\t\t\t\t<div class=\"elementor-container elementor-column-gap-default\">\n\t\t\t\t\t<div class=\"elementor-column elementor-col-100 elementor-top-column elementor-element elementor-element-be25ff4 stretch-to-none\" data-id=\"be25ff4\" data-element_type=\"column\">\n\t\t\t<div class=\"elementor-widget-wrap elementor-element-populated\">\n\t\t\t\t\t\t<div class=\"elementor-element elementor-element-f854246 elementor-widget elementor-widget-text-editor\" data-id=\"f854246\" data-element_type=\"widget\" data-widget_type=\"text-editor.default\">\n\t\t\t\t<div class=\"elementor-widget-container\">\n\t\t\t\t\t\t\t\t\t<h4>Nos courtiers immobiliers r\u00e9pondent \u00e0 vos questions !<\/h4>\t\t\t\t\t\t\t\t<\/div>\n\t\t\t\t<\/div>\n\t\t\t\t<div class=\"elementor-element elementor-element-36504ad elementor-widget elementor-widget-accordion\" data-id=\"36504ad\" data-element_type=\"widget\" data-widget_type=\"accordion.default\">\n\t\t\t\t<div class=\"elementor-widget-container\">\n\t\t\t\t\t\t\t<div class=\"elementor-accordion\">\n\t\t\t\t\t\t\t<div class=\"elementor-accordion-item\">\n\t\t\t\t\t<div id=\"elementor-tab-title-5691\" class=\"elementor-tab-title\" data-tab=\"1\" role=\"button\" aria-controls=\"elementor-tab-content-5691\" aria-expanded=\"false\">\n\t\t\t\t\t\t\t\t\t\t\t\t\t<span class=\"elementor-accordion-icon elementor-accordion-icon-left\" aria-hidden=\"true\">\n\t\t\t\t\t\t\t\t\t\t\t\t\t\t\t<span class=\"elementor-accordion-icon-closed\"><i class=\"fas fa-plus\"><\/i><\/span>\n\t\t\t\t\t\t\t\t<span class=\"elementor-accordion-icon-opened\"><i class=\"fas fa-minus\"><\/i><\/span>\n\t\t\t\t\t\t\t\t\t\t\t\t\t\t<\/span>\n\t\t\t\t\t\t\t\t\t\t\t\t<a class=\"elementor-accordion-title\" tabindex=\"0\">Quelle est la diff\u00e9rence entre un courtier immobilier et un agent immobilier ?<\/a>\n\t\t\t\t\t<\/div>\n\t\t\t\t\t<div id=\"elementor-tab-content-5691\" class=\"elementor-tab-content elementor-clearfix\" data-tab=\"1\" role=\"region\" aria-labelledby=\"elementor-tab-title-5691\"><p><span style=\"font-weight: 400;\">Auparavant, il y avait bel et bien une diff\u00e9rence entre un agent immobilier et un courtier immobilier. Toutefois, <\/span><span style=\"font-weight: 400;\">selon l\u2019OACIQ (Organisme d\u2019autor\u00e9glementation du courtage immobilier du Qu\u00e9bec) depuis 2010 les deux termes seraient synonymes. Le terme courtier immobilier a donc remplac\u00e9 le titre d\u2019agent immobilier ou agent d\u2019immeuble.<\/span><\/p><\/div>\n\t\t\t\t<\/div>\n\t\t\t\t\t\t\t<div class=\"elementor-accordion-item\">\n\t\t\t\t\t<div id=\"elementor-tab-title-5692\" class=\"elementor-tab-title\" data-tab=\"2\" role=\"button\" aria-controls=\"elementor-tab-content-5692\" aria-expanded=\"false\">\n\t\t\t\t\t\t\t\t\t\t\t\t\t<span class=\"elementor-accordion-icon elementor-accordion-icon-left\" aria-hidden=\"true\">\n\t\t\t\t\t\t\t\t\t\t\t\t\t\t\t<span class=\"elementor-accordion-icon-closed\"><i class=\"fas fa-plus\"><\/i><\/span>\n\t\t\t\t\t\t\t\t<span class=\"elementor-accordion-icon-opened\"><i class=\"fas fa-minus\"><\/i><\/span>\n\t\t\t\t\t\t\t\t\t\t\t\t\t\t<\/span>\n\t\t\t\t\t\t\t\t\t\t\t\t<a class=\"elementor-accordion-title\" tabindex=\"0\">Qu'est-ce que L'OACIQ ?<\/a>\n\t\t\t\t\t<\/div>\n\t\t\t\t\t<div id=\"elementor-tab-content-5692\" class=\"elementor-tab-content elementor-clearfix\" data-tab=\"2\" role=\"region\" aria-labelledby=\"elementor-tab-title-5692\"><p><span style=\"font-weight: 400;\">L\u2019OACIQ est l\u2019organisme d\u2019autor\u00e9glementation du courtage immobilier du Qu\u00e9bec. Il s\u2019agit d\u2019un organisme \u00e0 but non lucratif dont la raison d\u2019\u00eatre est de prot\u00e9ger le public en encadrant le travail des courtiers immobiliers du Qu\u00e9bec. L\u2019OACIQ s\u2019assure \u00e9galement du respect de la\u00a0<\/span><a style=\"font-size: 15px; background-color: #ffffff;\" href=\"http:\/\/legisquebec.gouv.qc.ca\/fr\/ShowDoc\/cs\/C-73.2\" target=\"_blank\" rel=\"noopener\">loi sur le courtage immobilier.\u00a0<\/a><\/p><\/div>\n\t\t\t\t<\/div>\n\t\t\t\t\t\t\t<div class=\"elementor-accordion-item\">\n\t\t\t\t\t<div id=\"elementor-tab-title-5693\" class=\"elementor-tab-title\" data-tab=\"3\" role=\"button\" aria-controls=\"elementor-tab-content-5693\" aria-expanded=\"false\">\n\t\t\t\t\t\t\t\t\t\t\t\t\t<span class=\"elementor-accordion-icon elementor-accordion-icon-left\" aria-hidden=\"true\">\n\t\t\t\t\t\t\t\t\t\t\t\t\t\t\t<span class=\"elementor-accordion-icon-closed\"><i class=\"fas fa-plus\"><\/i><\/span>\n\t\t\t\t\t\t\t\t<span class=\"elementor-accordion-icon-opened\"><i class=\"fas fa-minus\"><\/i><\/span>\n\t\t\t\t\t\t\t\t\t\t\t\t\t\t<\/span>\n\t\t\t\t\t\t\t\t\t\t\t\t<a class=\"elementor-accordion-title\" tabindex=\"0\">Titre d\u2019accord\u00e9on<\/a>\n\t\t\t\t\t<\/div>\n\t\t\t\t\t<div id=\"elementor-tab-content-5693\" class=\"elementor-tab-content elementor-clearfix\" data-tab=\"3\" role=\"region\" aria-labelledby=\"elementor-tab-title-5693\">Contenu d\u2019accord\u00e9on<\/div>\n\t\t\t\t<\/div>\n\t\t\t\t\t\t\t<div class=\"elementor-accordion-item\">\n\t\t\t\t\t<div id=\"elementor-tab-title-5694\" class=\"elementor-tab-title\" data-tab=\"4\" role=\"button\" aria-controls=\"elementor-tab-content-5694\" aria-expanded=\"false\">\n\t\t\t\t\t\t\t\t\t\t\t\t\t<span class=\"elementor-accordion-icon elementor-accordion-icon-left\" aria-hidden=\"true\">\n\t\t\t\t\t\t\t\t\t\t\t\t\t\t\t<span class=\"elementor-accordion-icon-closed\"><i class=\"fas fa-plus\"><\/i><\/span>\n\t\t\t\t\t\t\t\t<span class=\"elementor-accordion-icon-opened\"><i class=\"fas fa-minus\"><\/i><\/span>\n\t\t\t\t\t\t\t\t\t\t\t\t\t\t<\/span>\n\t\t\t\t\t\t\t\t\t\t\t\t<a class=\"elementor-accordion-title\" tabindex=\"0\">Titre d\u2019accord\u00e9on<\/a>\n\t\t\t\t\t<\/div>\n\t\t\t\t\t<div id=\"elementor-tab-content-5694\" class=\"elementor-tab-content elementor-clearfix\" data-tab=\"4\" role=\"region\" aria-labelledby=\"elementor-tab-title-5694\">Contenu d\u2019accord\u00e9on<\/div>\n\t\t\t\t<\/div>\n\t\t\t\t\t\t\t<div class=\"elementor-accordion-item\">\n\t\t\t\t\t<div id=\"elementor-tab-title-5695\" class=\"elementor-tab-title\" data-tab=\"5\" role=\"button\" aria-controls=\"elementor-tab-content-5695\" aria-expanded=\"false\">\n\t\t\t\t\t\t\t\t\t\t\t\t\t<span class=\"elementor-accordion-icon elementor-accordion-icon-left\" aria-hidden=\"true\">\n\t\t\t\t\t\t\t\t\t\t\t\t\t\t\t<span class=\"elementor-accordion-icon-closed\"><i class=\"fas fa-plus\"><\/i><\/span>\n\t\t\t\t\t\t\t\t<span class=\"elementor-accordion-icon-opened\"><i class=\"fas fa-minus\"><\/i><\/span>\n\t\t\t\t\t\t\t\t\t\t\t\t\t\t<\/span>\n\t\t\t\t\t\t\t\t\t\t\t\t<a class=\"elementor-accordion-title\" tabindex=\"0\">Titre d\u2019accord\u00e9on<\/a>\n\t\t\t\t\t<\/div>\n\t\t\t\t\t<div id=\"elementor-tab-content-5695\" class=\"elementor-tab-content elementor-clearfix\" data-tab=\"5\" role=\"region\" aria-labelledby=\"elementor-tab-title-5695\">Contenu d\u2019accord\u00e9on<\/div>\n\t\t\t\t<\/div>\n\t\t\t\t\t\t\t\t<\/div>\n\t\t\t\t\t\t<\/div>\n\t\t\t\t<\/div>\n\t\t\t\t\t<\/div>\n\t\t<\/div>\n\t\t\t\t\t<\/div>\n\t\t<\/section>\n\t\t\t\t<\/div>\n\t\t","protected":false},"excerpt":{"rendered":"<p>Nos courtiers immobiliers r\u00e9pondent \u00e0 vos questions ! Quelle est la diff\u00e9rence entre un courtier immobilier et un agent immobilier ? Auparavant, il y avait bel et bien une diff\u00e9rence entre un agent immobilier et un courtier immobilier. Toutefois, selon l\u2019OACIQ (Organisme d\u2019autor\u00e9glementation du courtage immobilier du Qu\u00e9bec) depuis 2010 les deux termes seraient synonymes. [&hellip;]<\/p>\n","protected":false},"author":3,"featured_media":0,"parent":0,"menu_order":0,"comment_status":"closed","ping_status":"closed","template":"","meta":{"_acf_changed":false,"footnotes":""},"categories":[],"tags":[],"class_list":["post-13687","page","type-page","status-publish","hentry"],"acf":[],"yoast_head":"<!-- This site is optimized with the Yoast SEO plugin v27.2 - https:\/\/yoast.com\/product\/yoast-seo-wordpress\/ -->\n<title>FAQ Immobili\u00e8re - Courtier Immobilier Montr\u00e9al Yanick E Sarrazin<\/title>\n<meta name=\"robots\" content=\"index, follow, max-snippet:-1, max-image-preview:large, max-video-preview:-1\" \/>\n<link rel=\"canonical\" href=\"https:\/\/yanicksarrazin.com\/en\/faq-immobiliere\/\" \/>\n<meta property=\"og:locale\" content=\"en_US\" \/>\n<meta property=\"og:type\" content=\"article\" \/>\n<meta property=\"og:title\" content=\"FAQ Immobili\u00e8re - Courtier Immobilier Montr\u00e9al Yanick E Sarrazin\" \/>\n<meta property=\"og:description\" content=\"Nos courtiers immobiliers r\u00e9pondent \u00e0 vos questions ! Quelle est la diff\u00e9rence entre un courtier immobilier et un agent immobilier ? Auparavant, il y avait bel et bien une diff\u00e9rence entre un agent immobilier et un courtier immobilier. Toutefois, selon l\u2019OACIQ (Organisme d\u2019autor\u00e9glementation du courtage immobilier du Qu\u00e9bec) depuis 2010 les deux termes seraient synonymes. [&hellip;]\" \/>\n<meta property=\"og:url\" content=\"https:\/\/yanicksarrazin.com\/en\/faq-immobiliere\/\" \/>\n<meta property=\"og:site_name\" content=\"Courtier Immobilier Montr\u00e9al Yanick E Sarrazin\" \/>\n<meta property=\"article:publisher\" content=\"https:\/\/fr-ca.facebook.com\/yesimmobilier.realestate\/\" \/>\n<meta property=\"article:modified_time\" content=\"2021-02-10T17:19:34+00:00\" \/>\n<meta name=\"twitter:card\" content=\"summary_large_image\" \/>\n<meta name=\"twitter:site\" content=\"@ye_sarrazin\" \/>\n<meta name=\"twitter:label1\" content=\"Est. reading time\" \/>\n\t<meta name=\"twitter:data1\" content=\"1 minute\" \/>\n<script type=\"application\/ld+json\" class=\"yoast-schema-graph\">{\"@context\":\"https:\/\/schema.org\",\"@graph\":[{\"@type\":[\"WebPage\",\"FAQPage\"],\"@id\":\"https:\/\/yanicksarrazin.com\/en\/faq-immobiliere\/\",\"url\":\"https:\/\/yanicksarrazin.com\/en\/faq-immobiliere\/\",\"name\":\"FAQ Immobili\u00e8re - Courtier Immobilier Montr\u00e9al Yanick E Sarrazin\",\"isPartOf\":{\"@id\":\"https:\/\/yanicksarrazin.com\/en\/#website\"},\"datePublished\":\"2021-02-10T17:19:33+00:00\",\"dateModified\":\"2021-02-10T17:19:34+00:00\",\"breadcrumb\":{\"@id\":\"https:\/\/yanicksarrazin.com\/en\/faq-immobiliere\/#breadcrumb\"},\"inLanguage\":\"en-US\",\"potentialAction\":[{\"@type\":\"ReadAction\",\"target\":[\"https:\/\/yanicksarrazin.com\/en\/faq-immobiliere\/\"]}]},{\"@type\":\"BreadcrumbList\",\"@id\":\"https:\/\/yanicksarrazin.com\/en\/faq-immobiliere\/#breadcrumb\",\"itemListElement\":[{\"@type\":\"ListItem\",\"position\":1,\"name\":\"Accueil\",\"item\":\"https:\/\/yanicksarrazin.com\/en\/\"},{\"@type\":\"ListItem\",\"position\":2,\"name\":\"FAQ Immobili\u00e8re\"}]},{\"@type\":\"WebSite\",\"@id\":\"https:\/\/yanicksarrazin.com\/en\/#website\",\"url\":\"https:\/\/yanicksarrazin.com\/en\/\",\"name\":\"Courtier Immobilier Montr\u00e9al Yanick E Sarrazin\",\"description\":\"Plateau Mont-Royal, Outremont, Rosemont La-Petite-Patrie, Mile-End, Ville Marie\",\"publisher\":{\"@id\":\"https:\/\/yanicksarrazin.com\/en\/#organization\"},\"potentialAction\":[{\"@type\":\"SearchAction\",\"target\":{\"@type\":\"EntryPoint\",\"urlTemplate\":\"https:\/\/yanicksarrazin.com\/en\/?s={search_term_string}\"},\"query-input\":{\"@type\":\"PropertyValueSpecification\",\"valueRequired\":true,\"valueName\":\"search_term_string\"}}],\"inLanguage\":\"en-US\"},{\"@type\":\"Organization\",\"@id\":\"https:\/\/yanicksarrazin.com\/en\/#organization\",\"name\":\"Yanick E. Sarrazin Courtier Immobilier Re\/Max du Cartier - Plateau Mont-Royal Montr\u00e9al\",\"url\":\"https:\/\/yanicksarrazin.com\/en\/\",\"logo\":{\"@type\":\"ImageObject\",\"inLanguage\":\"en-US\",\"@id\":\"https:\/\/yanicksarrazin.com\/en\/#\/schema\/logo\/image\/\",\"url\":\"https:\/\/yanicksarrazin.com\/wp-content\/uploads\/2020\/02\/courteir-immobilier-montreal.png\",\"contentUrl\":\"https:\/\/yanicksarrazin.com\/wp-content\/uploads\/2020\/02\/courteir-immobilier-montreal.png\",\"width\":225,\"height\":225,\"caption\":\"Yanick E. Sarrazin Courtier Immobilier Re\/Max du Cartier - Plateau Mont-Royal Montr\u00e9al\"},\"image\":{\"@id\":\"https:\/\/yanicksarrazin.com\/en\/#\/schema\/logo\/image\/\"},\"sameAs\":[\"https:\/\/fr-ca.facebook.com\/yesimmobilier.realestate\/\",\"https:\/\/x.com\/ye_sarrazin\",\"https:\/\/www.instagram.com\/yesarrazin\/?hl=fr-ca\",\"https:\/\/ca.linkedin.com\/company\/yesarrazin\",\"https:\/\/www.youtube.com\/channel\/UC7ONhKUUYiMWieJoljDBlpA\"]}]}<\/script>\n<!-- \/ Yoast SEO plugin. -->","yoast_head_json":{"title":"FAQ Immobili\u00e8re - Courtier Immobilier Montr\u00e9al Yanick E Sarrazin","robots":{"index":"index","follow":"follow","max-snippet":"max-snippet:-1","max-image-preview":"max-image-preview:large","max-video-preview":"max-video-preview:-1"},"canonical":"https:\/\/yanicksarrazin.com\/en\/faq-immobiliere\/","og_locale":"en_US","og_type":"article","og_title":"FAQ Immobili\u00e8re - Courtier Immobilier Montr\u00e9al Yanick E Sarrazin","og_description":"Nos courtiers immobiliers r\u00e9pondent \u00e0 vos questions ! Quelle est la diff\u00e9rence entre un courtier immobilier et un agent immobilier ? Auparavant, il y avait bel et bien une diff\u00e9rence entre un agent immobilier et un courtier immobilier. Toutefois, selon l\u2019OACIQ (Organisme d\u2019autor\u00e9glementation du courtage immobilier du Qu\u00e9bec) depuis 2010 les deux termes seraient synonymes. [&hellip;]","og_url":"https:\/\/yanicksarrazin.com\/en\/faq-immobiliere\/","og_site_name":"Courtier Immobilier Montr\u00e9al Yanick E Sarrazin","article_publisher":"https:\/\/fr-ca.facebook.com\/yesimmobilier.realestate\/","article_modified_time":"2021-02-10T17:19:34+00:00","twitter_card":"summary_large_image","twitter_site":"@ye_sarrazin","twitter_misc":{"Est. reading time":"1 minute"},"schema":{"@context":"https:\/\/schema.org","@graph":[{"@type":["WebPage","FAQPage"],"@id":"https:\/\/yanicksarrazin.com\/en\/faq-immobiliere\/","url":"https:\/\/yanicksarrazin.com\/en\/faq-immobiliere\/","name":"FAQ Immobili\u00e8re - Courtier Immobilier Montr\u00e9al Yanick E Sarrazin","isPartOf":{"@id":"https:\/\/yanicksarrazin.com\/en\/#website"},"datePublished":"2021-02-10T17:19:33+00:00","dateModified":"2021-02-10T17:19:34+00:00","breadcrumb":{"@id":"https:\/\/yanicksarrazin.com\/en\/faq-immobiliere\/#breadcrumb"},"inLanguage":"en-US","potentialAction":[{"@type":"ReadAction","target":["https:\/\/yanicksarrazin.com\/en\/faq-immobiliere\/"]}]},{"@type":"BreadcrumbList","@id":"https:\/\/yanicksarrazin.com\/en\/faq-immobiliere\/#breadcrumb","itemListElement":[{"@type":"ListItem","position":1,"name":"Accueil","item":"https:\/\/yanicksarrazin.com\/en\/"},{"@type":"ListItem","position":2,"name":"FAQ Immobili\u00e8re"}]},{"@type":"WebSite","@id":"https:\/\/yanicksarrazin.com\/en\/#website","url":"https:\/\/yanicksarrazin.com\/en\/","name":"Courtier Immobilier Montr\u00e9al Yanick E Sarrazin","description":"Plateau Mont-Royal, Outremont, Rosemont La-Petite-Patrie, Mile-End, Ville Marie","publisher":{"@id":"https:\/\/yanicksarrazin.com\/en\/#organization"},"potentialAction":[{"@type":"SearchAction","target":{"@type":"EntryPoint","urlTemplate":"https:\/\/yanicksarrazin.com\/en\/?s={search_term_string}"},"query-input":{"@type":"PropertyValueSpecification","valueRequired":true,"valueName":"search_term_string"}}],"inLanguage":"en-US"},{"@type":"Organization","@id":"https:\/\/yanicksarrazin.com\/en\/#organization","name":"Yanick E. Sarrazin Courtier Immobilier Re\/Max du Cartier - Plateau Mont-Royal Montr\u00e9al","url":"https:\/\/yanicksarrazin.com\/en\/","logo":{"@type":"ImageObject","inLanguage":"en-US","@id":"https:\/\/yanicksarrazin.com\/en\/#\/schema\/logo\/image\/","url":"https:\/\/yanicksarrazin.com\/wp-content\/uploads\/2020\/02\/courteir-immobilier-montreal.png","contentUrl":"https:\/\/yanicksarrazin.com\/wp-content\/uploads\/2020\/02\/courteir-immobilier-montreal.png","width":225,"height":225,"caption":"Yanick E. Sarrazin Courtier Immobilier Re\/Max du Cartier - Plateau Mont-Royal Montr\u00e9al"},"image":{"@id":"https:\/\/yanicksarrazin.com\/en\/#\/schema\/logo\/image\/"},"sameAs":["https:\/\/fr-ca.facebook.com\/yesimmobilier.realestate\/","https:\/\/x.com\/ye_sarrazin","https:\/\/www.instagram.com\/yesarrazin\/?hl=fr-ca","https:\/\/ca.linkedin.com\/company\/yesarrazin","https:\/\/www.youtube.com\/channel\/UC7ONhKUUYiMWieJoljDBlpA"]}]}},"amp_enabled":true,"_links":{"self":[{"href":"https:\/\/yanicksarrazin.com\/en\/wp-json\/wp\/v2\/pages\/13687","targetHints":{"allow":["GET"]}}],"collection":[{"href":"https:\/\/yanicksarrazin.com\/en\/wp-json\/wp\/v2\/pages"}],"about":[{"href":"https:\/\/yanicksarrazin.com\/en\/wp-json\/wp\/v2\/types\/page"}],"author":[{"embeddable":true,"href":"https:\/\/yanicksarrazin.com\/en\/wp-json\/wp\/v2\/users\/3"}],"replies":[{"embeddable":true,"href":"https:\/\/yanicksarrazin.com\/en\/wp-json\/wp\/v2\/comments?post=13687"}],"version-history":[{"count":9,"href":"https:\/\/yanicksarrazin.com\/en\/wp-json\/wp\/v2\/pages\/13687\/revisions"}],"predecessor-version":[{"id":14381,"href":"https:\/\/yanicksarrazin.com\/en\/wp-json\/wp\/v2\/pages\/13687\/revisions\/14381"}],"wp:attachment":[{"href":"https:\/\/yanicksarrazin.com\/en\/wp-json\/wp\/v2\/media?parent=13687"}],"wp:term":[{"taxonomy":"category","embeddable":true,"href":"https:\/\/yanicksarrazin.com\/en\/wp-json\/wp\/v2\/categories?post=13687"},{"taxonomy":"post_tag","embeddable":true,"href":"https:\/\/yanicksarrazin.com\/en\/wp-json\/wp\/v2\/tags?post=13687"}],"curies":[{"name":"wp","href":"https:\/\/api.w.org\/{rel}","templated":true}]}}